{"id":20,"date":"2020-03-01T17:34:40","date_gmt":"2020-03-01T17:34:40","guid":{"rendered":"https:\/\/vakdiakok-sportegyesulete.hu\/?page_id=20"},"modified":"2022-01-09T17:58:27","modified_gmt":"2022-01-09T16:58:27","slug":"kapcsolat","status":"publish","type":"page","link":"https:\/\/vakdiakok-sportegyesulete.hu\/?page_id=20","title":{"rendered":"Kapcsolat"},"content":{"rendered":"\n<h2 class=\"wp-block-heading\">VAK DI\u00c1KOK SPORTEGYES\u00dcLETE<\/h2>\n\n\n\n<p>C\u00edm: 1146 Budapest, Ajt\u00f3si D\u00fcrer sor 39.<br>Tel: +36 70 318-08-58<br> E-mail:  <a aria-label=\"vdse@vakisk.hu (opens in a new tab)\" rel=\"noreferrer noopener\" href=\"mailto:vdse@vakisk.hu\" target=\"_blank\">vdse@vakisk.hu<\/a><br> Sz\u00e1mlasz\u00e1m: OTP 11714006-20294180<br> Ad\u00f3sz\u00e1m: 18010200-1-42<\/p>\n","protected":false},"excerpt":{"rendered":"<p>VAK DI\u00c1KOK SPORTEGYES\u00dcLETE C\u00edm: 1146 Budapest, Ajt\u00f3si D\u00fcrer sor 39.Tel: +36 70 318-08-58 E-mail: vdse@vakisk.hu Sz\u00e1mlasz\u00e1m: OTP 11714006-20294180 Ad\u00f3sz\u00e1m: 18010200-1-42<\/p>\n","protected":false},"author":1,"featured_media":0,"parent":0,"menu_order":0,"comment_status":"closed","ping_status":"closed","template":"","meta":{"footnotes":""},"class_list":["post-20","page","type-page","status-publish","hentry"],"_links":{"self":[{"href":"https:\/\/vakdiakok-sportegyesulete.hu\/index.php?rest_route=\/wp\/v2\/pages\/20","targetHints":{"allow":["GET"]}}],"collection":[{"href":"https:\/\/vakdiakok-sportegyesulete.hu\/index.php?rest_route=\/wp\/v2\/pages"}],"about":[{"href":"https:\/\/vakdiakok-sportegyesulete.hu\/index.php?rest_route=\/wp\/v2\/types\/page"}],"author":[{"embeddable":true,"href":"https:\/\/vakdiakok-sportegyesulete.hu\/index.php?rest_route=\/wp\/v2\/users\/1"}],"replies":[{"embeddable":true,"href":"https:\/\/vakdiakok-sportegyesulete.hu\/index.php?rest_route=%2Fwp%2Fv2%2Fcomments&post=20"}],"version-history":[{"count":4,"href":"https:\/\/vakdiakok-sportegyesulete.hu\/index.php?rest_route=\/wp\/v2\/pages\/20\/revisions"}],"predecessor-version":[{"id":81,"href":"https:\/\/vakdiakok-sportegyesulete.hu\/index.php?rest_route=\/wp\/v2\/pages\/20\/revisions\/81"}],"wp:attachment":[{"href":"https:\/\/vakdiakok-sportegyesulete.hu\/index.php?rest_route=%2Fwp%2Fv2%2Fmedia&parent=20"}],"curies":[{"name":"wp","href":"https:\/\/api.w.org\/{rel}","templated":true}]}}