{"id":25,"date":"2020-03-01T17:47:15","date_gmt":"2020-03-01T17:47:15","guid":{"rendered":"https:\/\/vakdiakok-sportegyesulete.hu\/?page_id=25"},"modified":"2020-04-28T19:15:48","modified_gmt":"2020-04-28T18:15:48","slug":"kezdolap","status":"publish","type":"page","link":"https:\/\/vakdiakok-sportegyesulete.hu\/","title":{"rendered":"Kezd\u0151lap"},"content":{"rendered":"\n<div class=\"wp-block-media-text alignwide has-media-on-the-right is-stacked-on-mobile\" style=\"grid-template-columns:auto 23%\"><figure class=\"wp-block-media-text__media\"><img fetchpriority=\"high\" decoding=\"async\" width=\"305\" height=\"304\" src=\"https:\/\/vakdiakok-sportegyesulete.hu\/wp-content\/uploads\/2020\/02\/VDSELogo1.png\" alt=\"VDSE logo\" class=\"wp-image-6\" srcset=\"https:\/\/vakdiakok-sportegyesulete.hu\/wp-content\/uploads\/2020\/02\/VDSELogo1.png 305w, https:\/\/vakdiakok-sportegyesulete.hu\/wp-content\/uploads\/2020\/02\/VDSELogo1-300x300.png 300w, https:\/\/vakdiakok-sportegyesulete.hu\/wp-content\/uploads\/2020\/02\/VDSELogo1-150x150.png 150w\" sizes=\"(max-width: 305px) 100vw, 305px\" \/><\/figure><div class=\"wp-block-media-text__content\">\n<p class=\"has-normal-font-size\">A <strong>Vak Di\u00e1kok Sportegyes\u00fclete (VDSE) <\/strong>1992-ben alakult. C\u00e9lja, hogy  szabadid\u0151- \u00e9s versenysport lehet\u0151s\u00e9get biztos\u00edtson a vak gyermekek  iskol\u00e1j\u00e1ban jelenleg is tanul\u00f3, valamint a m\u00e1r v\u00e9gzett n\u00f6vend\u00e9kek  sz\u00e1m\u00e1ra.<\/p>\n<\/div><\/div>\n\n\n\n<p>A VDSE szervezett el\u0151sz\u00f6r Eur\u00f3p\u00e1ban nemzetk\u00f6zi sporttal\u00e1lkoz\u00f3t vak di\u00e1kok r\u00e9sz\u00e9re atl\u00e9tika \u00e9s cs\u00f6rg\u0151labda sport\u00e1gakban. Fiataljaink sz\u00e1mos hazai \u00e9s nemzetk\u00f6zi versenyen \u00e9rtek el kiv\u00e1l\u00f3 eredm\u00e9nyeket, egyes\u00fclet\u00fcnkb\u0151l t\u00f6bb tehets\u00e9ges sportol\u00f3 nevel\u0151d\u00f6tt ki, akik m\u00e1r Eur\u00f3pa- \u00e9s Vil\u00e1gbajnoks\u00e1gon, s\u0151t Paralimpi\u00e1n is r\u00e9szt vettek.<br>Terv\u00fcnk, hogy min\u00e9l t\u00f6bb l\u00e1t\u00e1ss\u00e9r\u00fclt fiatalt vonjunk be szakoszt\u00e1lyaink munk\u00e1j\u00e1ba, ezzel is teljesebb\u00e9 t\u00e9ve \u00e9let\u00fcket.<\/p>\n","protected":false},"excerpt":{"rendered":"<p>A Vak Di\u00e1kok Sportegyes\u00fclete (VDSE) 1992-ben alakult. C\u00e9lja, hogy szabadid\u0151- \u00e9s versenysport lehet\u0151s\u00e9get biztos\u00edtson a vak gyermekek iskol\u00e1j\u00e1ban jelenleg is tanul\u00f3, valamint a m\u00e1r v\u00e9gzett n\u00f6vend\u00e9kek sz\u00e1m\u00e1ra. A VDSE szervezett el\u0151sz\u00f6r Eur\u00f3p\u00e1ban nemzetk\u00f6zi sporttal\u00e1lkoz\u00f3t vak di\u00e1kok r\u00e9sz\u00e9re atl\u00e9tika \u00e9s cs\u00f6rg\u0151labda sport\u00e1gakban. Fiataljaink sz\u00e1mos hazai \u00e9s nemzetk\u00f6zi versenyen \u00e9rtek el kiv\u00e1l\u00f3&#8230; <a class=\"continue-reading-link\" href=\"https:\/\/vakdiakok-sportegyesulete.hu\/\">Tov\u00e1bb <span class=\"meta-nav\">&rarr; <\/span><\/a><\/p>\n","protected":false},"author":1,"featured_media":0,"parent":0,"menu_order":0,"comment_status":"closed","ping_status":"closed","template":"","meta":{"footnotes":""},"class_list":["post-25","page","type-page","status-publish","hentry"],"_links":{"self":[{"href":"https:\/\/vakdiakok-sportegyesulete.hu\/index.php?rest_route=\/wp\/v2\/pages\/25","targetHints":{"allow":["GET"]}}],"collection":[{"href":"https:\/\/vakdiakok-sportegyesulete.hu\/index.php?rest_route=\/wp\/v2\/pages"}],"about":[{"href":"https:\/\/vakdiakok-sportegyesulete.hu\/index.php?rest_route=\/wp\/v2\/types\/page"}],"author":[{"embeddable":true,"href":"https:\/\/vakdiakok-sportegyesulete.hu\/index.php?rest_route=\/wp\/v2\/users\/1"}],"replies":[{"embeddable":true,"href":"https:\/\/vakdiakok-sportegyesulete.hu\/index.php?rest_route=%2Fwp%2Fv2%2Fcomments&post=25"}],"version-history":[{"count":13,"href":"https:\/\/vakdiakok-sportegyesulete.hu\/index.php?rest_route=\/wp\/v2\/pages\/25\/revisions"}],"predecessor-version":[{"id":83,"href":"https:\/\/vakdiakok-sportegyesulete.hu\/index.php?rest_route=\/wp\/v2\/pages\/25\/revisions\/83"}],"wp:attachment":[{"href":"https:\/\/vakdiakok-sportegyesulete.hu\/index.php?rest_route=%2Fwp%2Fv2%2Fmedia&parent=25"}],"curies":[{"name":"wp","href":"https:\/\/api.w.org\/{rel}","templated":true}]}}