{"id":41,"date":"2020-03-01T18:03:14","date_gmt":"2020-03-01T18:03:14","guid":{"rendered":"https:\/\/vakdiakok-sportegyesulete.hu\/?page_id=41"},"modified":"2020-03-01T18:03:14","modified_gmt":"2020-03-01T18:03:14","slug":"bemutatkozas","status":"publish","type":"page","link":"https:\/\/vakdiakok-sportegyesulete.hu\/?page_id=41","title":{"rendered":"Bemutatkoz\u00e1s"},"content":{"rendered":"\n<p>Int\u00e9zm\u00e9ny\u00fcnkben mindig komoly hagyom\u00e1nyai voltak a sportnak, a hetvenes \u00e9vekben legink\u00e1bb az atl\u00e9tik\u00e1nak, az \u00e9vtized v\u00e9g\u00e9t\u0151l a cs\u00f6rg\u0151labd\u00e1nak is. A nyolcvanas \u00e9vekben testnevel\u00e9s \u00f3r\u00e1kon kapt\u00e1k meg az alapokat n\u00f6vend\u00e9keink, akik k\u00f6z\u00fcl n\u00e9h\u00e1nyan, a legtehets\u00e9gesebbek, a nagy hagyom\u00e1nyokkal rendelkez\u0151 Wessel\u00e9nyi Mikl\u00f3s Sportegyes\u00fclethez ker\u00fcltek. Az \u00e9vtized m\u00e1sodik fel\u00e9t\u0151l cs\u00f6rg\u0151labda szakk\u00f6r m\u0171k\u00f6d\u00f6tt az iskol\u00e1ban, majd 1990-t\u0151l az atl\u00e9tika is bekapcsol\u00f3dott a rendszeres tan\u00f3r\u00e1n k\u00edv\u00fcli sportfoglalkoz\u00e1sok k\u00f6z\u00e9.<\/p>\n\n\n\n<p>1991-ben, Eur\u00f3p\u00e1ban els\u0151k\u00e9nt nemzetk\u00f6zi sportversenyt rendezt\u00fcnk iskol\u00e1skor\u00fa l\u00e1t\u00e1ss\u00e9r\u00fclteknek a fent eml\u00edtett sport\u00e1gakban, a kezdem\u00e9nyez\u00e9sen 12 orsz\u00e1g sportol\u00f3i m\u00e9rt\u00e9k \u00f6ssze tud\u00e1sukat. Az \u00e1ltalunk ind\u00edtott Eur\u00f3pai Sporttal\u00e1lkoz\u00f3t 1992-ben Nancy, 1994-ben London, 1995-ben Straubing folytatta, ez ut\u00f3bbi helyen m\u00e1r 17 orsz\u00e1g versenyz\u0151i tal\u00e1lkoztak.<\/p>\n\n\n\n<p>1992-ben azzal a c\u00e9llal alakult meg a Vak Di\u00e1kok Sportegyes\u00fclete (VDSE), hogy rendszeres sportol\u00e1si lehet\u0151s\u00e9get biztos\u00edtson a fent eml\u00edtett versenyek hat\u00e1s\u00e1ra kialakul\u00f3 sportol\u00f3i magnak, illetve, hogy teret biztos\u00edtson a szabadid\u0151sport ter\u00fclet\u00e9n tanul\u00f3inknak.<\/p>\n\n\n\n<p>Az els\u0151 id\u0151szakban az atl\u00e9tika \u00e9s a cs\u00f6rg\u0151labda szakoszt\u00e1ly mellett kezdett kialakulni sakk szakoszt\u00e1lyunk \u00e9s nemsok\u00e1ra az \u00fasz\u00e1s is, illetve a tandem ker\u00e9kp\u00e1roz\u00e1st \u2013turisztik\u00e1t \u2013evez\u00e9st mag\u00e1ba foglal\u00f3 szabadid\u0151sport szakoszt\u00e1lyunk.<\/p>\n\n\n\n<p>A megalakul\u00e1st k\u00f6vet\u0151 \u00e9vekben sportol\u00f3ink sz\u00e1mos hazai \u00e9s nemzetk\u00f6zi versenyen szerepeltek. Szakoszt\u00e1lyaink egyre nagyobb l\u00e9tsz\u00e1mmal dolgoztak.<\/p>\n\n\n\n<p>A 90-es \u00e9vek v\u00e9g\u00e9t\u0151l \u00fajra \u00e1t kellett gondolnunk egyes\u00fclet\u00fcnk helyzet\u00e9t, lehet\u0151s\u00e9geit, \u00fajra kellett fogalmaznunk alapszab\u00e1lyunkat. Szegreg\u00e1lt int\u00e9zm\u00e9nyk\u00e9nt tanul\u00f3ink nagy r\u00e9sze vid\u00e9ki. Sikeres sportol\u00f3ink z\u00f6m\u00e9t akarva- akaratlanul is v\u00e1lasz\u00fat el\u00e9 \u00e1ll\u00edtottuk, amennyiben sportolni k\u00edv\u00e1n Budapesten kell tanul\u00e1si \u00e9s az ezzel j\u00e1r\u00f3 koll\u00e9giumi lehet\u0151s\u00e9get illetve alb\u00e9rleti \u00e9letet v\u00e1lasztania. Rengeteg tehets\u00e9ges sportol\u00f3nk t\u0171nt el emiatt a versenysportb\u00f3l.<\/p>\n\n\n\n<p>A Vak Di\u00e1kok Sportegyes\u00fclet\u00e9nek igaz\u00e1b\u00f3l \u201ecsak\u201d nevel\u0151 egyes\u00fcletnek kellene lennie, de alapszab\u00e1lyt kellett m\u00f3dos\u00edtanunk az\u00e9rt, hogy ne csak az iskola tanul\u00f3i, hanem egykori n\u00f6vend\u00e9keink is szervezett keretek k\u00f6z\u00f6tt sportolhassanak. Ma sincs lehet\u0151s\u00e9g sem vid\u00e9ken sem Budapesten m\u00e9g a j\u00f3l m\u0171k\u00f6d\u0151 sport\u00e1gainkban sem arra, hogy tov\u00e1bb adhassuk feln\u0151tt koroszt\u00e1lyba l\u00e9pett n\u00f6vend\u00e9keinket m\u00e1s, erre szakosodott sportegyes\u00fcleteknek. <\/p>\n\n\n\n<p>Az az\u00f3ta eltelt id\u0151szakban teh\u00e1t nem csak a Vakok \u00c1ltal\u00e1nos Iskol\u00e1j\u00e1nak tanul\u00f3i, hanem az int\u00e9zm\u00e9nyben kor\u00e1bban v\u00e9gzett n\u00f6vend\u00e9kek, illetve a l\u00e1t\u00f3 t\u00e1rsak k\u00f6z\u00f6tt integr\u00e1ltan tanul\u00f3 gyermekek is lehet\u0151s\u00e9get kaptak foglalkoz\u00e1sainkon k\u00e9pess\u00e9geik fejleszt\u00e9s\u00e9re.<br>\nA tudatosan fel\u00e9p\u00edtett \u00e9s rendszeres edz\u00e9smunk\u00e1nak k\u00f6sz\u00f6nhet\u0151en az ut\u00f3bbi id\u0151ben kilenc-t\u00edz szakoszt\u00e1lyban t\u00f6bb mint 150 gyermek sportol akt\u00edvan. A k\u00fcl\u00f6nb\u00f6z\u0151 szakoszt\u00e1lyok (atl\u00e9tika, judo, goalball, \u00edj\u00e1szat, karate, sakk, tandem, term\u00e9szetj\u00e1r\u00e1s, torball, \u00fasz\u00e1s) sportol\u00f3i mind a hazai, mind a nemzetk\u00f6zi versenyeken komoly sikereket \u00e9rtek m\u00e1r el. A Magyar Paralimpiai Bizotts\u00e1g k\u00e9t \u00e9ve lezajlott, egyik k\u00f6zgy\u0171l\u00e9s\u00e9n N\u00e1das P\u00e1l az akkori eln\u00f6k \u00far a legeredm\u00e9nyesebb ut\u00e1np\u00f3tl\u00e1s-nevel\u00e9ssel foglalkoz\u00f3 egyes\u00fcletk\u00e9nt jel\u00f6lte meg a VDSE-t. Legnagyobb b\u00fcszkes\u00e9geink k\u00f6z\u00e9 tartozik, hogy az ath\u00e9ni Paralimpi\u00e1n indul\u00f3 10 l\u00e1t\u00e1ss\u00e9r\u00fclt sportol\u00f3 k\u00f6z\u00fcl 5 f\u0151 a VDSE nevel\u00e9se volt.<\/p>\n\n\n\n<p>1999-t\u0151l 2007-ig a mindenkori legmagasabb sportir\u00e1ny\u00edt\u00f3 szervezet t\u00e1mogat\u00e1s\u00e1val m\u0171k\u00f6dtett\u00fck a L\u00e1t\u00e1ss\u00e9r\u00fcltek Orsz\u00e1gos Ifj\u00fas\u00e1gi Bajnoks\u00e1g\u00e1t (id\u00e9n a Magyar L\u00e1t\u00e1ss\u00e9r\u00fcltek Sportsz\u00f6vets\u00e9ge \u00e1tvette ezt a feladatot), mely az iskolai tan\u00e9vhez k\u00f6t\u0151d\u0151en \u00e9vente k\u00e9t alkalommal \u2013 tavaszi \u00e9s \u0151szi fordul\u00f3k keret\u00e9ben \u2013 hat sport\u00e1gban (atl\u00e9tika, goalball, judo, sakk, torball, \u00fasz\u00e1s) biztos\u00edt lehet\u0151s\u00e9get a l\u00e1t\u00e1ss\u00e9r\u00fclt tanul\u00f3k versenyeztet\u00e9s\u00e9re. A bajnoki rendszer \u00f3ri\u00e1si pozit\u00edvuma, hogy az eltelt \u00e9vek alatt siker\u00fclt bevonnunk a r\u00e9szv\u00e9telbe a l\u00e1t\u00e1ss\u00e9r\u00fclteket oktat\u00f3-nevel\u0151 \u00f6sszes magyarorsz\u00e1gi t\u00e1rsint\u00e9zm\u00e9nyt, kib\u0151v\u00edtve ezzel a l\u00e1t\u00e1ss\u00e9r\u00fcltek sportj\u00e1ban jelen l\u00e9v\u0151k k\u00f6r\u00e9t. Ennek is k\u00f6sz\u00f6nhet\u0151en p\u00e9ld\u00e1ul cs\u00f6rg\u0151labda sport\u00e1gban az itt feln\u00f6vekv\u0151 fiatalok egy r\u00e9sze m\u00e1r megjelent a feln\u0151tt m\u00e1sodoszt\u00e1ly, illetve els\u0151 oszt\u00e1ly k\u00fczdelmeiben.<\/p>\n\n\n\n<p>A hazai versenyrendszer \u00e9s a nemzetk\u00f6zi megh\u00edv\u00e1sok mellett \u00e9ves programunkban egyre nagyobb helyet foglalnak el a k\u00fcl\u00f6nb\u00f6z\u0151 bemutat\u00f3 jelleg\u0171 sportesem\u00e9nyek, rendezv\u00e9nyek, ahol a vakok t\u00e1rsadalmi integr\u00e1ci\u00f3j\u00e1nak el\u0151seg\u00edt\u00e9se \u00e9rdek\u00e9ben igyeksz\u00fcnk min\u00e9l sz\u00e9lesebb t\u00e1j\u00e9koztat\u00e1st adni \u00e9let\u00fcnkr\u0151l, a vakok \u00e1ltal \u0171zhet\u0151 sportok saj\u00e1toss\u00e1gair\u00f3l.<\/p>\n\n\n\n<p>Sportol\u00f3ink sz\u00e1m\u00e1ra minden \u00e9vben t\u00f6bbf\u00e9le t\u00e1boroz\u00e1si lehet\u0151s\u00e9get biztos\u00edtunk.  Imm\u00e1r t\u00f6bb mint m\u00e1sf\u00e9l \u00e9vtizede nagy n\u00e9pszer\u0171s\u00e9gnek \u00f6rvend a szabadid\u0151sport \u00e9s term\u00e9szetj\u00e1r\u00e1s h\u00edveinek k\u00f6r\u00e9ben a rendszeresen Dunakilitiben megrendez\u00e9sre ker\u00fcl\u0151 kenu \u00e9s tandem t\u00e1bor.<\/p>\n\n\n\n<p>\u00c9lsportol\u00f3ink speci\u00e1lis sport\u00e1gi edz\u0151t\u00e1borokban k\u00e9sz\u00fclhetnek nagyobb jelent\u0151s\u00e9g\u0171 versenyeikre.<\/p>\n\n\n\n<p>Mivel egyes\u00fclet\u00fcnk igen szorosan kapcsol\u00f3dik az iskol\u00e1hoz az int\u00e9zm\u00e9ny l\u00e9tsz\u00e1mmozg\u00e1sa, illetve tanul\u00f3i \u00f6sszet\u00e9tel\u00e9nek v\u00e1ltoz\u00e1sa komoly hat\u00e1ssal van a szakoszt\u00e1lyainkban foly\u00f3 munk\u00e1ra. Az al\u00e1bbi t\u00e1bl\u00e1zat er\u0151sen leegyszer\u0171s\u00edtve bemutatja az ut\u00f3bbi 10 \u00e9v tanul\u00f3i \u00f6sszet\u00e9tel\u00e9nek v\u00e1ltoz\u00e1s\u00e1t, folyamatos \u00e1talakul\u00e1s\u00e1t.<\/p>\n\n\n\n<p><\/p>\n\n\n\n<p>A fenti t\u00e1bl\u00e1zatb\u00f3l vil\u00e1gosan lesz\u0171rhet\u0151 minimum k\u00e9t tanuls\u00e1g:<\/p>\n\n\n\n<ul class=\"wp-block-list\"><li>Jelent\u0151sen megn\u0151tt a halmozottan s\u00e9r\u00fcltek ar\u00e1nya.<\/li><li>A szakiskolai tagozat r\u00e9v\u00e9n m\u00e1r nemcsak B1 \u00e9s B2 kateg\u00f3ri\u00e1j\u00fa sportol\u00f3ink vannak, hanem B3-as kateg\u00f3ri\u00e1j\u00fa gyeng\u00e9nl\u00e1t\u00f3 versenyz\u0151ink is.<\/li><\/ul>\n\n\n\n<p>A halmozottan s\u00e9r\u00fcltek ar\u00e1ny\u00e1nak n\u00f6veked\u00e9se nyom\u00e1n megfigyelhet\u0151 az egyes szakoszt\u00e1lyokban foly\u00f3 munka differenci\u00e1l\u00f3d\u00e1sa. Egyr\u00e9szt olyan csoportokat kell m\u0171k\u00f6dtetni, aminek nem els\u0151sorban a teljes\u00edtm\u00e9nymotorika szempontj\u00e1b\u00f3l van jelent\u0151s\u00e9ge, hanem az adott sport\u00e1g mozg\u00e1skult\u00far\u00e1j\u00e1nak, szab\u00e1lyrendszer\u00e9nek megismertet\u00e9se, k\u00e9pess\u00e9g-k\u00e9szs\u00e9gfejleszt\u00e9s, szabadid\u0151s tev\u00e9kenys\u00e9g.<\/p>\n\n\n\n<p>M\u00e1sr\u00e9szt megfigyelhet\u0151 nagy m\u00falt\u00fa sport\u00e1gak visszaes\u00e9se, (pl.: sakk, atl\u00e9tika, \u00fasz\u00e1s). Megfigyelhet\u0151, hogy egy\u00e9ni sport\u00e1gainkban egyre nagyobb al\u00e1zatot k\u00edv\u00e1n sportol\u00f3inkt\u00f3l a vet\u00e9lyt\u00e1rs-n\u00e9lk\u00fclis\u00e9g, edz\u0151inkt\u0151l a min\u0151s\u00e9g megv\u00e1ltoz\u00e1sa.<\/p>\n\n\n\n<p>Nagy \u00f6r\u00f6m\u00fcnkre szolg\u00e1l, hogy koll\u00e9g\u00e1inkt\u00f3l, illetve befogad\u00f3 iskol\u00e1kb\u00f3l m\u00e1r k\u00e9pzett, \u201emegfert\u0151z\u00f6tt\u201d, sportot szeret\u0151 tanul\u00f3k \u00e9rkeznek hozz\u00e1nk, ami nagy kih\u00edv\u00e1st jelent sz\u00e1munkra. Szakmailag meg kell oldanunk a differenci\u00e1lt k\u00e9pz\u00e9st, a nehezebb szociokultur\u00e1lis k\u00f6rnyezetb\u0151l sz\u00e1rmaz\u00f3 tanul\u00f3ink sportszer\u0171bb \u00e9letm\u00f3dra nevel\u00e9s\u00e9t, vagy p\u00e9ld\u00e1ul csapatsport\u00e1gban, az ifi bajnoks\u00e1gokban addig ellenf\u00e9lk\u00e9nt tal\u00e1lkoz\u00f3 vak \u00e9s gyeng\u00e9nl\u00e1t\u00f3 versenyz\u0151k k\u00f6z\u00f6ss\u00e9g-form\u00e1l\u00e1s\u00e1t.<\/p>\n\n\n\n<p>Mindezek ellen\u00e9re az ut\u00f3bbi \u00e9vekben is sikeresen k\u00e9pviselj\u00fck egyes\u00fclet\u00fcnket a hazai ifj\u00fas\u00e1gi \u00e9s feln\u0151tt bajnoki rendszerekben, illetve haz\u00e1nkat k\u00fclf\u00f6ldi vil\u00e1gversenyeken.<\/p>\n","protected":false},"excerpt":{"rendered":"<p>Int\u00e9zm\u00e9ny\u00fcnkben mindig komoly hagyom\u00e1nyai voltak a sportnak, a hetvenes \u00e9vekben legink\u00e1bb az atl\u00e9tik\u00e1nak, az \u00e9vtized v\u00e9g\u00e9t\u0151l a cs\u00f6rg\u0151labd\u00e1nak is. A nyolcvanas \u00e9vekben testnevel\u00e9s \u00f3r\u00e1kon kapt\u00e1k meg az alapokat n\u00f6vend\u00e9keink, akik k\u00f6z\u00fcl n\u00e9h\u00e1nyan, a legtehets\u00e9gesebbek, a nagy hagyom\u00e1nyokkal rendelkez\u0151 Wessel\u00e9nyi Mikl\u00f3s Sportegyes\u00fclethez ker\u00fcltek. Az \u00e9vtized m\u00e1sodik fel\u00e9t\u0151l cs\u00f6rg\u0151labda szakk\u00f6r m\u0171k\u00f6d\u00f6tt az&#8230; <a class=\"continue-reading-link\" href=\"https:\/\/vakdiakok-sportegyesulete.hu\/?page_id=41\">Tov\u00e1bb <span class=\"meta-nav\">&rarr; <\/span><\/a><\/p>\n","protected":false},"author":1,"featured_media":0,"parent":0,"menu_order":0,"comment_status":"closed","ping_status":"closed","template":"","meta":{"footnotes":""},"class_list":["post-41","page","type-page","status-publish","hentry"],"_links":{"self":[{"href":"https:\/\/vakdiakok-sportegyesulete.hu\/index.php?rest_route=\/wp\/v2\/pages\/41","targetHints":{"allow":["GET"]}}],"collection":[{"href":"https:\/\/vakdiakok-sportegyesulete.hu\/index.php?rest_route=\/wp\/v2\/pages"}],"about":[{"href":"https:\/\/vakdiakok-sportegyesulete.hu\/index.php?rest_route=\/wp\/v2\/types\/page"}],"author":[{"embeddable":true,"href":"https:\/\/vakdiakok-sportegyesulete.hu\/index.php?rest_route=\/wp\/v2\/users\/1"}],"replies":[{"embeddable":true,"href":"https:\/\/vakdiakok-sportegyesulete.hu\/index.php?rest_route=%2Fwp%2Fv2%2Fcomments&post=41"}],"version-history":[{"count":1,"href":"https:\/\/vakdiakok-sportegyesulete.hu\/index.php?rest_route=\/wp\/v2\/pages\/41\/revisions"}],"predecessor-version":[{"id":42,"href":"https:\/\/vakdiakok-sportegyesulete.hu\/index.php?rest_route=\/wp\/v2\/pages\/41\/revisions\/42"}],"wp:attachment":[{"href":"https:\/\/vakdiakok-sportegyesulete.hu\/index.php?rest_route=%2Fwp%2Fv2%2Fmedia&parent=41"}],"curies":[{"name":"wp","href":"https:\/\/api.w.org\/{rel}","templated":true}]}}